{"id":7,"date":"2024-02-22T11:14:32","date_gmt":"2024-02-22T14:14:32","guid":{"rendered":"https:\/\/restaurantenovovisual.com.br\/?page_id=7"},"modified":"2025-10-17T17:12:48","modified_gmt":"2025-10-17T20:12:48","slug":"restaurante-novo-visual","status":"publish","type":"page","link":"https:\/\/restaurantenovovisual.com.br\/","title":{"rendered":"Restaurante Novo Visual"},"content":{"rendered":"\t\t<div data-elementor-type=\"wp-page\" data-elementor-id=\"7\" class=\"elementor elementor-7\" data-elementor-post-type=\"page\">\n\t\t\t\t<div class=\"elementor-element elementor-element-19d5494 e-flex e-con-boxed e-con e-parent\" data-id=\"19d5494\" data-element_type=\"container\" data-settings=\"{&quot;background_background&quot;:&quot;classic&quot;,&quot;content_width&quot;:&quot;boxed&quot;}\" data-core-v316-plus=\"true\">\n\t\t\t\t\t<div class=\"e-con-inner\">\n\t\t\t\t<div class=\"elementor-element elementor-element-f881b6e elementor-widget elementor-widget-text-editor\" data-id=\"f881b6e\" data-element_type=\"widget\" data-widget_type=\"text-editor.default\">\n\t\t\t\t<div class=\"elementor-widget-container\">\n\t\t\t<style>\/*! elementor - v3.19.0 - 07-02-2024 *\/\n.elementor-widget-text-editor.elementor-drop-cap-view-stacked .elementor-drop-cap{background-color:#69727d;color:#fff}.elementor-widget-text-editor.elementor-drop-cap-view-framed .elementor-drop-cap{color:#69727d;border:3px solid;background-color:transparent}.elementor-widget-text-editor:not(.elementor-drop-cap-view-default) .elementor-drop-cap{margin-top:8px}.elementor-widget-text-editor:not(.elementor-drop-cap-view-default) .elementor-drop-cap-letter{width:1em;height:1em}.elementor-widget-text-editor .elementor-drop-cap{float:left;text-align:center;line-height:1;font-size:50px}.elementor-widget-text-editor .elementor-drop-cap-letter{display:inline-block}<\/style>\t\t\t\t<p>O Novo Visual \u00e9 muito mais do que um restaurante, \u00e9 um ref\u00fagio encantador no topo da Rocinha.<\/p><p>\u00danica vista privilegiada 360\u00b0 da maior da Am\u00e9rica L\u00e1tina.<\/p>\t\t\t\t\t\t<\/div>\n\t\t\t\t<\/div>\n\t\t\t\t<div class=\"elementor-element elementor-element-5531d1f elementor-widget elementor-widget-image\" data-id=\"5531d1f\" data-element_type=\"widget\" data-widget_type=\"image.default\">\n\t\t\t\t<div class=\"elementor-widget-container\">\n\t\t\t<style>\/*! elementor - v3.19.0 - 07-02-2024 *\/\n.elementor-widget-image{text-align:center}.elementor-widget-image a{display:inline-block}.elementor-widget-image a img[src$=\".svg\"]{width:48px}.elementor-widget-image img{vertical-align:middle;display:inline-block}<\/style>\t\t\t\t\t\t\t\t\t\t<img fetchpriority=\"high\" decoding=\"async\" width=\"2250\" height=\"1192\" src=\"https:\/\/restaurantenovovisual.com.br\/wp-content\/uploads\/2024\/12\/logos-novo-visual-e1734663434773.png\" class=\"attachment-full size-full wp-image-143\" alt=\"\" srcset=\"https:\/\/restaurantenovovisual.com.br\/wp-content\/uploads\/2024\/12\/logos-novo-visual-e1734663434773.png 2250w, https:\/\/restaurantenovovisual.com.br\/wp-content\/uploads\/2024\/12\/logos-novo-visual-e1734663434773-300x159.png 300w, https:\/\/restaurantenovovisual.com.br\/wp-content\/uploads\/2024\/12\/logos-novo-visual-e1734663434773-1024x542.png 1024w, https:\/\/restaurantenovovisual.com.br\/wp-content\/uploads\/2024\/12\/logos-novo-visual-e1734663434773-768x407.png 768w, https:\/\/restaurantenovovisual.com.br\/wp-content\/uploads\/2024\/12\/logos-novo-visual-e1734663434773-1536x814.png 1536w, https:\/\/restaurantenovovisual.com.br\/wp-content\/uploads\/2024\/12\/logos-novo-visual-e1734663434773-2048x1085.png 2048w\" sizes=\"(max-width: 2250px) 100vw, 2250px\" \/>\t\t\t\t\t\t\t\t\t\t\t\t\t<\/div>\n\t\t\t\t<\/div>\n\t\t\t\t<div class=\"elementor-element elementor-element-5392bd4 elementor-mobile-align-justify elementor-align-justify elementor-widget elementor-widget-button\" data-id=\"5392bd4\" data-element_type=\"widget\" data-widget_type=\"button.default\">\n\t\t\t\t<div class=\"elementor-widget-container\">\n\t\t\t\t\t<div class=\"elementor-button-wrapper\">\n\t\t\t<a class=\"elementor-button elementor-button-link elementor-size-md elementor-animation-pulse\" href=\"https:\/\/www.instagram.com\/novo_visual_restaurante\/\">\n\t\t\t\t\t\t<span class=\"elementor-button-content-wrapper\">\n\t\t\t\t\t\t<span class=\"elementor-button-text\">Instagram<\/span>\n\t\t<\/span>\n\t\t\t\t\t<\/a>\n\t\t<\/div>\n\t\t\t\t<\/div>\n\t\t\t\t<\/div>\n\t\t\t\t<div class=\"elementor-element elementor-element-b0147b0 elementor-mobile-align-justify elementor-align-justify elementor-widget elementor-widget-button\" data-id=\"b0147b0\" data-element_type=\"widget\" data-widget_type=\"button.default\">\n\t\t\t\t<div class=\"elementor-widget-container\">\n\t\t\t\t\t<div class=\"elementor-button-wrapper\">\n\t\t\t<a class=\"elementor-button elementor-button-link elementor-size-md elementor-animation-pulse\" href=\"https:\/\/api.whatsapp.com\/send\/?phone=5521984117999&#038;text&#038;type=phone_number&#038;app_absent=0\">\n\t\t\t\t\t\t<span class=\"elementor-button-content-wrapper\">\n\t\t\t\t\t\t<span class=\"elementor-button-text\">Whatsapp<\/span>\n\t\t<\/span>\n\t\t\t\t\t<\/a>\n\t\t<\/div>\n\t\t\t\t<\/div>\n\t\t\t\t<\/div>\n\t\t\t\t<div class=\"elementor-element elementor-element-eb04083 elementor-mobile-align-justify elementor-align-justify elementor-widget elementor-widget-button\" data-id=\"eb04083\" data-element_type=\"widget\" data-widget_type=\"button.default\">\n\t\t\t\t<div class=\"elementor-widget-container\">\n\t\t\t\t\t<div class=\"elementor-button-wrapper\">\n\t\t\t<a class=\"elementor-button elementor-button-link elementor-size-md elementor-animation-pulse\" href=\"https:\/\/restaurantenovovisual.com.br\/wp-content\/uploads\/2025\/10\/CARDAPIO_ATUALIZADO_2025.2.pdf\">\n\t\t\t\t\t\t<span class=\"elementor-button-content-wrapper\">\n\t\t\t\t\t\t<span class=\"elementor-button-text\">Card\u00e1pio - Menu<\/span>\n\t\t<\/span>\n\t\t\t\t\t<\/a>\n\t\t<\/div>\n\t\t\t\t<\/div>\n\t\t\t\t<\/div>\n\t\t\t\t<div class=\"elementor-element elementor-element-3fd285b elementor-mobile-align-justify elementor-align-justify elementor-widget elementor-widget-button\" data-id=\"3fd285b\" data-element_type=\"widget\" data-widget_type=\"button.default\">\n\t\t\t\t<div class=\"elementor-widget-container\">\n\t\t\t\t\t<div class=\"elementor-button-wrapper\">\n\t\t\t<a class=\"elementor-button elementor-button-link elementor-size-md elementor-animation-pulse\" href=\"https:\/\/g.page\/r\/CVFr441G8E75EAI\/review\">\n\t\t\t\t\t\t<span class=\"elementor-button-content-wrapper\">\n\t\t\t\t\t\t<span class=\"elementor-button-text\">Avalia\u00e7\u00e3o - Feedback<\/span>\n\t\t<\/span>\n\t\t\t\t\t<\/a>\n\t\t<\/div>\n\t\t\t\t<\/div>\n\t\t\t\t<\/div>\n\t\t\t\t<div class=\"elementor-element elementor-element-cb35048 elementor-mobile-align-justify elementor-align-justify elementor-widget elementor-widget-button\" data-id=\"cb35048\" data-element_type=\"widget\" data-widget_type=\"button.default\">\n\t\t\t\t<div class=\"elementor-widget-container\">\n\t\t\t\t\t<div class=\"elementor-button-wrapper\">\n\t\t\t<a class=\"elementor-button elementor-button-link elementor-size-md elementor-animation-pulse\" href=\"https:\/\/www.google.com\/maps\/dir\/-22.9814,-43.2383\/Novo+Visual+Restaurante+-+Rocinha\/@-22.9837737,-43.2464616,16z\/data=!3m1!4b1!4m9!4m8!1m1!4e1!1m5!1m1!1s0x9bd50927061767:0xf94ef0468de36b51!2m2!1d-43.2458736!2d-22.9860909?hl=pt-BR&#038;entry=ttu\">\n\t\t\t\t\t\t<span class=\"elementor-button-content-wrapper\">\n\t\t\t\t\t\t<span class=\"elementor-button-text\">Como Chegar - To be here<\/span>\n\t\t<\/span>\n\t\t\t\t\t<\/a>\n\t\t<\/div>\n\t\t\t\t<\/div>\n\t\t\t\t<\/div>\n\t\t\t\t<div class=\"elementor-element elementor-element-de78d63 elementor-mobile-align-justify elementor-align-justify elementor-widget elementor-widget-button\" data-id=\"de78d63\" data-element_type=\"widget\" data-settings=\"{&quot;_animation&quot;:&quot;none&quot;,&quot;_animation_mobile&quot;:&quot;none&quot;}\" data-widget_type=\"button.default\">\n\t\t\t\t<div class=\"elementor-widget-container\">\n\t\t\t\t\t<div class=\"elementor-button-wrapper\">\n\t\t\t<a class=\"elementor-button elementor-size-md\" role=\"button\">\n\t\t\t\t\t\t<span class=\"elementor-button-content-wrapper\">\n\t\t\t\t\t\t<span class=\"elementor-button-text\">Endere\u00e7o: Rua Maria do Carmo, 8  - Rocinha\/RJ<\/br>Ponto de refer\u00eancia: Posto de Sa\u00fade da Rua 1<\/br>Address: Rua Maria do Carmo, 8 - Rocinha\/RJ<\/br>Reference point: 1st Street Health Center<\/span>\n\t\t<\/span>\n\t\t\t\t\t<\/a>\n\t\t<\/div>\n\t\t\t\t<\/div>\n\t\t\t\t<\/div>\n\t\t\t\t\t<\/div>\n\t\t\t\t<\/div>\n\t\t\t\t<\/div>\n\t\t","protected":false},"excerpt":{"rendered":"<p>O Novo Visual \u00e9 muito mais do que um restaurante, \u00e9 um ref\u00fagio encantador no topo da Rocinha. \u00danica vista privilegiada 360\u00b0 da maior da Am\u00e9rica L\u00e1tina. Instagram Whatsapp Card\u00e1pio &#8211; Menu Avalia\u00e7\u00e3o &#8211; Feedback Como Chegar &#8211; To be here Endere\u00e7o: Rua Maria do Carmo, 8 &#8211; Rocinha\/RJPonto de refer\u00eancia: Posto de Sa\u00fade da [&hellip;]<\/p>\n","protected":false},"author":1,"featured_media":61,"parent":0,"menu_order":0,"comment_status":"closed","ping_status":"closed","template":"elementor_canvas","meta":{"footnotes":""},"yoast_head":"<!-- This site is optimized with the Yoast SEO plugin v22.1 - https:\/\/yoast.com\/wordpress\/plugins\/seo\/ -->\n<title>Restaurante Novo Visual - Ref\u00fagio encantador no topo da Rocinha!<\/title>\n<meta name=\"description\" content=\"O restaurante Novo Visual \u00e9 muito mais do que um restaurante, \u00e9 um ref\u00fagio encantador no topo da Rocinha. Venha nos conhecer!\" \/>\n<meta name=\"robots\" content=\"index, follow, max-snippet:-1, max-image-preview:large, max-video-preview:-1\" \/>\n<link rel=\"canonical\" href=\"https:\/\/restaurantenovovisual.com.br\/\" \/>\n<meta property=\"og:locale\" content=\"pt_BR\" \/>\n<meta property=\"og:type\" content=\"article\" \/>\n<meta property=\"og:title\" content=\"Restaurante Novo Visual - Ref\u00fagio encantador no topo da Rocinha!\" \/>\n<meta property=\"og:description\" content=\"O restaurante Novo Visual \u00e9 muito mais do que um restaurante, \u00e9 um ref\u00fagio encantador no topo da Rocinha. Venha nos conhecer!\" \/>\n<meta property=\"og:url\" content=\"https:\/\/restaurantenovovisual.com.br\/\" \/>\n<meta property=\"og:site_name\" content=\"Restaurante Novo Visual\" \/>\n<meta property=\"article:modified_time\" content=\"2025-10-17T20:12:48+00:00\" \/>\n<meta property=\"og:image\" content=\"https:\/\/restaurantenovovisual.com.br\/wp-content\/uploads\/2024\/02\/4b790f60-192b-498b-bf19-bb5a18a9007f-1-1.jpg\" \/>\n\t<meta property=\"og:image:width\" content=\"1080\" \/>\n\t<meta property=\"og:image:height\" content=\"608\" \/>\n\t<meta property=\"og:image:type\" content=\"image\/jpeg\" \/>\n<meta name=\"twitter:card\" content=\"summary_large_image\" \/>\n<meta name=\"twitter:label1\" content=\"Est. tempo de leitura\" \/>\n\t<meta name=\"twitter:data1\" content=\"1 minuto\" \/>\n<script type=\"application\/ld+json\" class=\"yoast-schema-graph\">{\"@context\":\"https:\/\/schema.org\",\"@graph\":[{\"@type\":\"WebPage\",\"@id\":\"https:\/\/restaurantenovovisual.com.br\/\",\"url\":\"https:\/\/restaurantenovovisual.com.br\/\",\"name\":\"Restaurante Novo Visual - Ref\u00fagio encantador no topo da Rocinha!\",\"isPartOf\":{\"@id\":\"https:\/\/restaurantenovovisual.com.br\/#website\"},\"datePublished\":\"2024-02-22T14:14:32+00:00\",\"dateModified\":\"2025-10-17T20:12:48+00:00\",\"description\":\"O restaurante Novo Visual \u00e9 muito mais do que um restaurante, \u00e9 um ref\u00fagio encantador no topo da Rocinha. Venha nos conhecer!\",\"breadcrumb\":{\"@id\":\"https:\/\/restaurantenovovisual.com.br\/#breadcrumb\"},\"inLanguage\":\"pt-BR\",\"potentialAction\":[{\"@type\":\"ReadAction\",\"target\":[\"https:\/\/restaurantenovovisual.com.br\/\"]}]},{\"@type\":\"BreadcrumbList\",\"@id\":\"https:\/\/restaurantenovovisual.com.br\/#breadcrumb\",\"itemListElement\":[{\"@type\":\"ListItem\",\"position\":1,\"name\":\"In\u00edcio\",\"item\":\"https:\/\/restaurantenovovisual.com.br\/\"},{\"@type\":\"ListItem\",\"position\":2,\"name\":\"Restaurante Novo Visual\"}]},{\"@type\":\"WebSite\",\"@id\":\"https:\/\/restaurantenovovisual.com.br\/#website\",\"url\":\"https:\/\/restaurantenovovisual.com.br\/\",\"name\":\"Restaurante Novo Visual\",\"description\":\"\",\"publisher\":{\"@id\":\"https:\/\/restaurantenovovisual.com.br\/#organization\"},\"potentialAction\":[{\"@type\":\"SearchAction\",\"target\":{\"@type\":\"EntryPoint\",\"urlTemplate\":\"https:\/\/restaurantenovovisual.com.br\/?s={search_term_string}\"},\"query-input\":\"required name=search_term_string\"}],\"inLanguage\":\"pt-BR\"},{\"@type\":\"Organization\",\"@id\":\"https:\/\/restaurantenovovisual.com.br\/#organization\",\"name\":\"Restaurante Novo Visual\",\"url\":\"https:\/\/restaurantenovovisual.com.br\/\",\"logo\":{\"@type\":\"ImageObject\",\"inLanguage\":\"pt-BR\",\"@id\":\"https:\/\/restaurantenovovisual.com.br\/#\/schema\/logo\/image\/\",\"url\":\"https:\/\/restaurantenovovisual.com.br\/wp-content\/uploads\/2024\/02\/logo.jpg\",\"contentUrl\":\"https:\/\/restaurantenovovisual.com.br\/wp-content\/uploads\/2024\/02\/logo.jpg\",\"width\":500,\"height\":500,\"caption\":\"Restaurante Novo Visual\"},\"image\":{\"@id\":\"https:\/\/restaurantenovovisual.com.br\/#\/schema\/logo\/image\/\"}}]}<\/script>\n<!-- \/ Yoast SEO plugin. -->","yoast_head_json":{"title":"Restaurante Novo Visual - Ref\u00fagio encantador no topo da Rocinha!","description":"O restaurante Novo Visual \u00e9 muito mais do que um restaurante, \u00e9 um ref\u00fagio encantador no topo da Rocinha. Venha nos conhecer!","robots":{"index":"index","follow":"follow","max-snippet":"max-snippet:-1","max-image-preview":"max-image-preview:large","max-video-preview":"max-video-preview:-1"},"canonical":"https:\/\/restaurantenovovisual.com.br\/","og_locale":"pt_BR","og_type":"article","og_title":"Restaurante Novo Visual - Ref\u00fagio encantador no topo da Rocinha!","og_description":"O restaurante Novo Visual \u00e9 muito mais do que um restaurante, \u00e9 um ref\u00fagio encantador no topo da Rocinha. Venha nos conhecer!","og_url":"https:\/\/restaurantenovovisual.com.br\/","og_site_name":"Restaurante Novo Visual","article_modified_time":"2025-10-17T20:12:48+00:00","og_image":[{"width":1080,"height":608,"url":"https:\/\/restaurantenovovisual.com.br\/wp-content\/uploads\/2024\/02\/4b790f60-192b-498b-bf19-bb5a18a9007f-1-1.jpg","type":"image\/jpeg"}],"twitter_card":"summary_large_image","twitter_misc":{"Est. tempo de leitura":"1 minuto"},"schema":{"@context":"https:\/\/schema.org","@graph":[{"@type":"WebPage","@id":"https:\/\/restaurantenovovisual.com.br\/","url":"https:\/\/restaurantenovovisual.com.br\/","name":"Restaurante Novo Visual - Ref\u00fagio encantador no topo da Rocinha!","isPartOf":{"@id":"https:\/\/restaurantenovovisual.com.br\/#website"},"datePublished":"2024-02-22T14:14:32+00:00","dateModified":"2025-10-17T20:12:48+00:00","description":"O restaurante Novo Visual \u00e9 muito mais do que um restaurante, \u00e9 um ref\u00fagio encantador no topo da Rocinha. Venha nos conhecer!","breadcrumb":{"@id":"https:\/\/restaurantenovovisual.com.br\/#breadcrumb"},"inLanguage":"pt-BR","potentialAction":[{"@type":"ReadAction","target":["https:\/\/restaurantenovovisual.com.br\/"]}]},{"@type":"BreadcrumbList","@id":"https:\/\/restaurantenovovisual.com.br\/#breadcrumb","itemListElement":[{"@type":"ListItem","position":1,"name":"In\u00edcio","item":"https:\/\/restaurantenovovisual.com.br\/"},{"@type":"ListItem","position":2,"name":"Restaurante Novo Visual"}]},{"@type":"WebSite","@id":"https:\/\/restaurantenovovisual.com.br\/#website","url":"https:\/\/restaurantenovovisual.com.br\/","name":"Restaurante Novo Visual","description":"","publisher":{"@id":"https:\/\/restaurantenovovisual.com.br\/#organization"},"potentialAction":[{"@type":"SearchAction","target":{"@type":"EntryPoint","urlTemplate":"https:\/\/restaurantenovovisual.com.br\/?s={search_term_string}"},"query-input":"required name=search_term_string"}],"inLanguage":"pt-BR"},{"@type":"Organization","@id":"https:\/\/restaurantenovovisual.com.br\/#organization","name":"Restaurante Novo Visual","url":"https:\/\/restaurantenovovisual.com.br\/","logo":{"@type":"ImageObject","inLanguage":"pt-BR","@id":"https:\/\/restaurantenovovisual.com.br\/#\/schema\/logo\/image\/","url":"https:\/\/restaurantenovovisual.com.br\/wp-content\/uploads\/2024\/02\/logo.jpg","contentUrl":"https:\/\/restaurantenovovisual.com.br\/wp-content\/uploads\/2024\/02\/logo.jpg","width":500,"height":500,"caption":"Restaurante Novo Visual"},"image":{"@id":"https:\/\/restaurantenovovisual.com.br\/#\/schema\/logo\/image\/"}}]}},"_links":{"self":[{"href":"https:\/\/restaurantenovovisual.com.br\/index.php?rest_route=\/wp\/v2\/pages\/7"}],"collection":[{"href":"https:\/\/restaurantenovovisual.com.br\/index.php?rest_route=\/wp\/v2\/pages"}],"about":[{"href":"https:\/\/restaurantenovovisual.com.br\/index.php?rest_route=\/wp\/v2\/types\/page"}],"author":[{"embeddable":true,"href":"https:\/\/restaurantenovovisual.com.br\/index.php?rest_route=\/wp\/v2\/users\/1"}],"replies":[{"embeddable":true,"href":"https:\/\/restaurantenovovisual.com.br\/index.php?rest_route=%2Fwp%2Fv2%2Fcomments&post=7"}],"version-history":[{"count":112,"href":"https:\/\/restaurantenovovisual.com.br\/index.php?rest_route=\/wp\/v2\/pages\/7\/revisions"}],"predecessor-version":[{"id":165,"href":"https:\/\/restaurantenovovisual.com.br\/index.php?rest_route=\/wp\/v2\/pages\/7\/revisions\/165"}],"wp:featuredmedia":[{"embeddable":true,"href":"https:\/\/restaurantenovovisual.com.br\/index.php?rest_route=\/wp\/v2\/media\/61"}],"wp:attachment":[{"href":"https:\/\/restaurantenovovisual.com.br\/index.php?rest_route=%2Fwp%2Fv2%2Fmedia&parent=7"}],"curies":[{"name":"wp","href":"https:\/\/api.w.org\/{rel}","templated":true}]}}